{"id":8671,"date":"2023-07-31T03:21:31","date_gmt":"2023-07-31T03:21:31","guid":{"rendered":"https:\/\/tikalexpedition.com\/?post_type=product&#038;p=8671"},"modified":"2026-01-20T23:03:15","modified_gmt":"2026-01-21T05:03:15","slug":"crater-azul-tour-privado","status":"publish","type":"product","link":"https:\/\/tikalexpedition.com\/en\/destino\/crater-azul-tour-privado\/","title":{"rendered":"BLUE CRATER PRIVATE TOUR FROM FLORES"},"content":{"rendered":"","protected":false},"excerpt":{"rendered":"<h6 style=\"text-align: left;\">PRICE PER PERSON:<\/h6>\n<h6 style=\"text-align: left;\"><span style=\"color: #0a7802;\"><strong><i class=\"wp-svg-user user\"><\/i><i class=\"wp-svg-user user\"><\/i> x <span style=\"color: #000000;\">$ 170.00 USD<\/span><\/strong><\/span><\/h6>\n<h6 style=\"text-align: left;\"><span style=\"color: #0a7802;\"><strong><i class=\"wp-svg-user user\"><\/i><i class=\"wp-svg-user user\"><\/i><i class=\"wp-svg-user user\"><\/i> x <span style=\"color: #000000;\">$ 155.00 USD<\/span><\/strong><\/span><\/h6>\n<h6 style=\"text-align: left;\"><span style=\"color: #0a7802;\"><strong><i class=\"wp-svg-user user\"><\/i><i class=\"wp-svg-user user\"><\/i><i class=\"wp-svg-user user\"><\/i><i class=\"wp-svg-user user\"><\/i> x <span style=\"color: #000000;\">$ 140.00 USD<\/span><\/strong><\/span><\/h6>\n<h6 style=\"text-align: left;\"><span style=\"color: #0a7802;\"><strong><i class=\"wp-svg-user user\"><\/i><i class=\"wp-svg-user user\"><\/i><i class=\"wp-svg-user user\"><\/i><i class=\"wp-svg-user user\"><\/i><i class=\"wp-svg-user user\"><\/i> x <span style=\"color: #000000;\">$ 120.00 USD<\/span><\/strong><\/span><\/h6>","protected":false},"featured_media":11825,"template":"","meta":{"_acf_changed":false,"site-sidebar-layout":"default","site-content-layout":"","ast-site-content-layout":"default","site-content-style":"default","site-sidebar-style":"default","ast-global-header-display":"","ast-banner-title-visibility":"","ast-main-header-display":"","ast-hfb-above-header-display":"","ast-hfb-below-header-display":"","ast-hfb-mobile-header-display":"","site-post-title":"","ast-breadcrumbs-content":"","ast-featured-img":"","footer-sml-layout":"","theme-transparent-header-meta":"default","adv-header-id-meta":"","stick-header-meta":"","header-above-stick-meta":"","header-main-stick-meta":"","header-below-stick-meta":"","astra-migrate-meta-layouts":"set","ast-page-background-enabled":"default","ast-page-background-meta":{"desktop":{"background-color":"","background-image":"","background-repeat":"repeat","background-position":"center center","background-size":"auto","background-attachment":"scroll","background-type":"","background-media":"","overlay-type":"","overlay-color":"","overlay-opacity":"","overlay-gradient":""},"tablet":{"background-color":"","background-image":"","background-repeat":"repeat","background-position":"center center","background-size":"auto","background-attachment":"scroll","background-type":"","background-media":"","overlay-type":"","overlay-color":"","overlay-opacity":"","overlay-gradient":""},"mobile":{"background-color":"","background-image":"","background-repeat":"repeat","background-position":"center center","background-size":"auto","background-attachment":"scroll","background-type":"","background-media":"","overlay-type":"","overlay-color":"","overlay-opacity":"","overlay-gradient":""}},"ast-content-background-meta":{"desktop":{"background-color":"var(--ast-global-color-5)","background-image":"","background-repeat":"repeat","background-position":"center center","background-size":"auto","background-attachment":"scroll","background-type":"","background-media":"","overlay-type":"","overlay-color":"","overlay-opacity":"","overlay-gradient":""},"tablet":{"background-color":"var(--ast-global-color-5)","background-image":"","background-repeat":"repeat","background-position":"center center","background-size":"auto","background-attachment":"scroll","background-type":"","background-media":"","overlay-type":"","overlay-color":"","overlay-opacity":"","overlay-gradient":""},"mobile":{"background-color":"var(--ast-global-color-5)","background-image":"","background-repeat":"repeat","background-position":"center center","background-size":"auto","background-attachment":"scroll","background-type":"","background-media":"","overlay-type":"","overlay-color":"","overlay-opacity":"","overlay-gradient":""}},"_joinchat":[]},"product_brand":[],"product_cat":[92],"product_tag":[],"class_list":{"0":"post-8671","1":"product","2":"type-product","3":"status-publish","4":"has-post-thumbnail","6":"product_cat-desde-flores","7":"desktop-align-center","8":"tablet-align-center","9":"mobile-align-center","11":"first","12":"instock","13":"shipping-taxable","14":"purchasable","15":"product-type-phive_booking"},"acf":[],"yoast_head":"<!-- This site is optimized with the Yoast SEO plugin v24.9 - https:\/\/yoast.com\/wordpress\/plugins\/seo\/ -->\n<title>CR\u00c1TER AZUL TOUR PRIVADO DESDE FLORES - Tikal Expedition<\/title>\n<meta name=\"description\" content=\"Cr\u00e1ter Azul - Tours From Flores - Tours desde Flores - Blue Crater From Flores - viaja y explora cr\u00e1ter azul con su fascinante agua turquesa y jard\u00edn\" \/>\n<meta name=\"robots\" content=\"index, follow, max-snippet:-1, max-image-preview:large, max-video-preview:-1\" \/>\n<link rel=\"canonical\" href=\"https:\/\/tikalexpedition.com\/en\/destino\/crater-azul-tour-privado\/\" \/>\n<meta property=\"og:locale\" content=\"en_US\" \/>\n<meta property=\"og:type\" content=\"article\" \/>\n<meta property=\"og:title\" content=\"CR\u00c1TER AZUL TOUR PRIVADO DESDE FLORES - Tikal Expedition\" \/>\n<meta property=\"og:description\" content=\"Cr\u00e1ter Azul - Tours From Flores - Tours desde Flores - Blue Crater From Flores - viaja y explora cr\u00e1ter azul con su fascinante agua turquesa y jard\u00edn\" \/>\n<meta property=\"og:url\" content=\"https:\/\/tikalexpedition.com\/en\/destino\/crater-azul-tour-privado\/\" \/>\n<meta property=\"og:site_name\" content=\"Tikal Expedition\" \/>\n<meta property=\"article:publisher\" content=\"https:\/\/www.facebook.com\/tikalexpedition1?mibextid=ZbWKwL\" \/>\n<meta property=\"article:modified_time\" content=\"2026-01-21T05:03:15+00:00\" \/>\n<meta property=\"og:image\" content=\"https:\/\/tikalexpedition.com\/wp-content\/uploads\/2023\/07\/crater-azul6.jpg\" \/>\n\t<meta property=\"og:image:width\" content=\"973\" \/>\n\t<meta property=\"og:image:height\" content=\"1297\" \/>\n\t<meta property=\"og:image:type\" content=\"image\/jpeg\" \/>\n<meta name=\"twitter:card\" content=\"summary_large_image\" \/>\n<meta name=\"twitter:site\" content=\"@TikalExpedition\" \/>\n<meta name=\"twitter:label1\" content=\"Est. reading time\" \/>\n\t<meta name=\"twitter:data1\" content=\"1 minute\" \/>\n<script type=\"application\/ld+json\" class=\"yoast-schema-graph\">{\"@context\":\"https:\/\/schema.org\",\"@graph\":[{\"@type\":\"WebPage\",\"@id\":\"https:\/\/tikalexpedition.com\/destino\/crater-azul-tour-privado\/\",\"url\":\"https:\/\/tikalexpedition.com\/destino\/crater-azul-tour-privado\/\",\"name\":\"CR\u00c1TER AZUL TOUR PRIVADO DESDE FLORES - Tikal Expedition\",\"isPartOf\":{\"@id\":\"http:\/\/tikalexpedition.com\/en\/#website\"},\"primaryImageOfPage\":{\"@id\":\"https:\/\/tikalexpedition.com\/destino\/crater-azul-tour-privado\/#primaryimage\"},\"image\":{\"@id\":\"https:\/\/tikalexpedition.com\/destino\/crater-azul-tour-privado\/#primaryimage\"},\"thumbnailUrl\":\"https:\/\/tikalexpedition.com\/wp-content\/uploads\/2023\/07\/crater-azul6.jpg\",\"datePublished\":\"2023-07-31T03:21:31+00:00\",\"dateModified\":\"2026-01-21T05:03:15+00:00\",\"description\":\"Cr\u00e1ter Azul - Tours From Flores - Tours desde Flores - Blue Crater From Flores - viaja y explora cr\u00e1ter azul con su fascinante agua turquesa y jard\u00edn\",\"breadcrumb\":{\"@id\":\"https:\/\/tikalexpedition.com\/destino\/crater-azul-tour-privado\/#breadcrumb\"},\"inLanguage\":\"en-US\",\"potentialAction\":[{\"@type\":\"ReadAction\",\"target\":[\"https:\/\/tikalexpedition.com\/destino\/crater-azul-tour-privado\/\"]}]},{\"@type\":\"ImageObject\",\"inLanguage\":\"en-US\",\"@id\":\"https:\/\/tikalexpedition.com\/destino\/crater-azul-tour-privado\/#primaryimage\",\"url\":\"https:\/\/tikalexpedition.com\/wp-content\/uploads\/2023\/07\/crater-azul6.jpg\",\"contentUrl\":\"https:\/\/tikalexpedition.com\/wp-content\/uploads\/2023\/07\/crater-azul6.jpg\",\"width\":973,\"height\":1297,\"caption\":\"{\\\"remix_data\\\":[],\\\"remix_entry_point\\\":\\\"challenges\\\",\\\"source_tags\\\":[\\\"local\\\"],\\\"origin\\\":\\\"unknown\\\",\\\"total_draw_time\\\":0,\\\"total_draw_actions\\\":0,\\\"layers_used\\\":0,\\\"brushes_used\\\":0,\\\"photos_added\\\":0,\\\"total_editor_actions\\\":{},\\\"tools_used\\\":{},\\\"is_sticker\\\":false,\\\"edited_since_last_sticker_save\\\":false,\\\"containsFTESticker\\\":false}\"},{\"@type\":\"BreadcrumbList\",\"@id\":\"https:\/\/tikalexpedition.com\/destino\/crater-azul-tour-privado\/#breadcrumb\",\"itemListElement\":[{\"@type\":\"ListItem\",\"position\":1,\"name\":\"Portada\",\"item\":\"https:\/\/tikalexpedition.com\/\"},{\"@type\":\"ListItem\",\"position\":2,\"name\":\"Tours\",\"item\":\"https:\/\/tikalexpedition.com\/?page_id=51\"},{\"@type\":\"ListItem\",\"position\":3,\"name\":\"CR\u00c1TER AZUL TOUR PRIVADO DESDE FLORES\"}]},{\"@type\":\"WebSite\",\"@id\":\"http:\/\/tikalexpedition.com\/en\/#website\",\"url\":\"http:\/\/tikalexpedition.com\/en\/\",\"name\":\"Tikal Expedition\",\"description\":\"Tikal | Yaxha | Luxury Tour Agency | Luxury Travel Guatemala\",\"publisher\":{\"@id\":\"http:\/\/tikalexpedition.com\/en\/#organization\"},\"potentialAction\":[{\"@type\":\"SearchAction\",\"target\":{\"@type\":\"EntryPoint\",\"urlTemplate\":\"http:\/\/tikalexpedition.com\/en\/?s={search_term_string}\"},\"query-input\":{\"@type\":\"PropertyValueSpecification\",\"valueRequired\":true,\"valueName\":\"search_term_string\"}}],\"inLanguage\":\"en-US\"},{\"@type\":\"Organization\",\"@id\":\"http:\/\/tikalexpedition.com\/en\/#organization\",\"name\":\"Tikal Expedition\",\"url\":\"http:\/\/tikalexpedition.com\/en\/\",\"logo\":{\"@type\":\"ImageObject\",\"inLanguage\":\"en-US\",\"@id\":\"http:\/\/tikalexpedition.com\/en\/#\/schema\/logo\/image\/\",\"url\":\"https:\/\/tikalexpedition.com\/wp-content\/uploads\/2023\/01\/LOGO-SIN-FONDO-TIKAL-EXPEDITION.webp\",\"contentUrl\":\"https:\/\/tikalexpedition.com\/wp-content\/uploads\/2023\/01\/LOGO-SIN-FONDO-TIKAL-EXPEDITION.webp\",\"width\":1554,\"height\":1361,\"caption\":\"Tikal Expedition\"},\"image\":{\"@id\":\"http:\/\/tikalexpedition.com\/en\/#\/schema\/logo\/image\/\"},\"sameAs\":[\"https:\/\/www.facebook.com\/tikalexpedition1?mibextid=ZbWKwL\",\"https:\/\/x.com\/TikalExpedition\",\"https:\/\/www.tiktok.com\/@tikalexpedition\",\"https:\/\/www.instagram.com\/tikalexpedition\"]}]}<\/script>\n<!-- \/ Yoast SEO plugin. -->","yoast_head_json":{"title":"BLUE CRATER PRIVATE TOUR FROM FLORES - Tikal Expedition","description":"Blue Crater - Tours From Flores - Tours from Flores - Blue Crater From Flores - travel and explore the Blue Crater with its fascinating turquoise water and garden","robots":{"index":"index","follow":"follow","max-snippet":"max-snippet:-1","max-image-preview":"max-image-preview:large","max-video-preview":"max-video-preview:-1"},"canonical":"https:\/\/tikalexpedition.com\/en\/destino\/crater-azul-tour-privado\/","og_locale":"en_US","og_type":"article","og_title":"CR\u00c1TER AZUL TOUR PRIVADO DESDE FLORES - Tikal Expedition","og_description":"Cr\u00e1ter Azul - Tours From Flores - Tours desde Flores - Blue Crater From Flores - viaja y explora cr\u00e1ter azul con su fascinante agua turquesa y jard\u00edn","og_url":"https:\/\/tikalexpedition.com\/en\/destino\/crater-azul-tour-privado\/","og_site_name":"Tikal Expedition","article_publisher":"https:\/\/www.facebook.com\/tikalexpedition1?mibextid=ZbWKwL","article_modified_time":"2026-01-21T05:03:15+00:00","og_image":[{"width":973,"height":1297,"url":"https:\/\/tikalexpedition.com\/wp-content\/uploads\/2023\/07\/crater-azul6.jpg","type":"image\/jpeg"}],"twitter_card":"summary_large_image","twitter_site":"@TikalExpedition","twitter_misc":{"Est. reading time":"1 minute"},"schema":{"@context":"https:\/\/schema.org","@graph":[{"@type":"WebPage","@id":"https:\/\/tikalexpedition.com\/destino\/crater-azul-tour-privado\/","url":"https:\/\/tikalexpedition.com\/destino\/crater-azul-tour-privado\/","name":"BLUE CRATER PRIVATE TOUR FROM FLORES - Tikal Expedition","isPartOf":{"@id":"http:\/\/tikalexpedition.com\/en\/#website"},"primaryImageOfPage":{"@id":"https:\/\/tikalexpedition.com\/destino\/crater-azul-tour-privado\/#primaryimage"},"image":{"@id":"https:\/\/tikalexpedition.com\/destino\/crater-azul-tour-privado\/#primaryimage"},"thumbnailUrl":"https:\/\/tikalexpedition.com\/wp-content\/uploads\/2023\/07\/crater-azul6.jpg","datePublished":"2023-07-31T03:21:31+00:00","dateModified":"2026-01-21T05:03:15+00:00","description":"Blue Crater - Tours From Flores - Tours from Flores - Blue Crater From Flores - travel and explore the Blue Crater with its fascinating turquoise water and garden","breadcrumb":{"@id":"https:\/\/tikalexpedition.com\/destino\/crater-azul-tour-privado\/#breadcrumb"},"inLanguage":"en-US","potentialAction":[{"@type":"ReadAction","target":["https:\/\/tikalexpedition.com\/destino\/crater-azul-tour-privado\/"]}]},{"@type":"ImageObject","inLanguage":"en-US","@id":"https:\/\/tikalexpedition.com\/destino\/crater-azul-tour-privado\/#primaryimage","url":"https:\/\/tikalexpedition.com\/wp-content\/uploads\/2023\/07\/crater-azul6.jpg","contentUrl":"https:\/\/tikalexpedition.com\/wp-content\/uploads\/2023\/07\/crater-azul6.jpg","width":973,"height":1297,"caption":"{\"remix_data\":[],\"remix_entry_point\":\"challenges\",\"source_tags\":[\"local\"],\"origin\":\"unknown\",\"total_draw_time\":0,\"total_draw_actions\":0,\"layers_used\":0,\"brushes_used\":0,\"photos_added\":0,\"total_editor_actions\":{},\"tools_used\":{},\"is_sticker\":false,\"edited_since_last_sticker_save\":false,\"containsFTESticker\":false}"},{"@type":"BreadcrumbList","@id":"https:\/\/tikalexpedition.com\/destino\/crater-azul-tour-privado\/#breadcrumb","itemListElement":[{"@type":"ListItem","position":1,"name":"Portada","item":"https:\/\/tikalexpedition.com\/"},{"@type":"ListItem","position":2,"name":"Tours","item":"https:\/\/tikalexpedition.com\/?page_id=51"},{"@type":"ListItem","position":3,"name":"CR\u00c1TER AZUL TOUR PRIVADO DESDE FLORES"}]},{"@type":"WebSite","@id":"http:\/\/tikalexpedition.com\/en\/#website","url":"http:\/\/tikalexpedition.com\/en\/","name":"Tikal Expedition","description":"Tikal | Yaxha | Luxury Tour Agency | Luxury Travel Guatemala","publisher":{"@id":"http:\/\/tikalexpedition.com\/en\/#organization"},"potentialAction":[{"@type":"SearchAction","target":{"@type":"EntryPoint","urlTemplate":"http:\/\/tikalexpedition.com\/en\/?s={search_term_string}"},"query-input":{"@type":"PropertyValueSpecification","valueRequired":true,"valueName":"search_term_string"}}],"inLanguage":"en-US"},{"@type":"Organization","@id":"http:\/\/tikalexpedition.com\/en\/#organization","name":"Tikal Expedition","url":"http:\/\/tikalexpedition.com\/en\/","logo":{"@type":"ImageObject","inLanguage":"en-US","@id":"http:\/\/tikalexpedition.com\/en\/#\/schema\/logo\/image\/","url":"https:\/\/tikalexpedition.com\/wp-content\/uploads\/2023\/01\/LOGO-SIN-FONDO-TIKAL-EXPEDITION.webp","contentUrl":"https:\/\/tikalexpedition.com\/wp-content\/uploads\/2023\/01\/LOGO-SIN-FONDO-TIKAL-EXPEDITION.webp","width":1554,"height":1361,"caption":"Tikal Expedition"},"image":{"@id":"http:\/\/tikalexpedition.com\/en\/#\/schema\/logo\/image\/"},"sameAs":["https:\/\/www.facebook.com\/tikalexpedition1?mibextid=ZbWKwL","https:\/\/x.com\/TikalExpedition","https:\/\/www.tiktok.com\/@tikalexpedition","https:\/\/www.instagram.com\/tikalexpedition"]}]}},"_links":{"self":[{"href":"https:\/\/tikalexpedition.com\/en\/wp-json\/wp\/v2\/product\/8671","targetHints":{"allow":["GET"]}}],"collection":[{"href":"https:\/\/tikalexpedition.com\/en\/wp-json\/wp\/v2\/product"}],"about":[{"href":"https:\/\/tikalexpedition.com\/en\/wp-json\/wp\/v2\/types\/product"}],"version-history":[{"count":2,"href":"https:\/\/tikalexpedition.com\/en\/wp-json\/wp\/v2\/product\/8671\/revisions"}],"predecessor-version":[{"id":10206,"href":"https:\/\/tikalexpedition.com\/en\/wp-json\/wp\/v2\/product\/8671\/revisions\/10206"}],"wp:featuredmedia":[{"embeddable":true,"href":"https:\/\/tikalexpedition.com\/en\/wp-json\/wp\/v2\/media\/11825"}],"wp:attachment":[{"href":"https:\/\/tikalexpedition.com\/en\/wp-json\/wp\/v2\/media?parent=8671"}],"wp:term":[{"taxonomy":"product_brand","embeddable":true,"href":"https:\/\/tikalexpedition.com\/en\/wp-json\/wp\/v2\/product_brand?post=8671"},{"taxonomy":"product_cat","embeddable":true,"href":"https:\/\/tikalexpedition.com\/en\/wp-json\/wp\/v2\/product_cat?post=8671"},{"taxonomy":"product_tag","embeddable":true,"href":"https:\/\/tikalexpedition.com\/en\/wp-json\/wp\/v2\/product_tag?post=8671"}],"curies":[{"name":"wp","href":"https:\/\/api.w.org\/{rel}","templated":true}]}}